 {"id":715,"date":"2024-06-10T15:37:39","date_gmt":"2024-06-10T13:37:39","guid":{"rendered":"https:\/\/www.bluemaster.es\/empresa\/"},"modified":"2024-07-19T12:21:50","modified_gmt":"2024-07-19T10:21:50","slug":"a-empresa","status":"publish","type":"page","link":"https:\/\/www.bluemaster.es\/pt\/a-empresa\/","title":{"rendered":"A empresa"},"content":{"rendered":"<div class=\"under-header\">\r\n<section class=\"flexslider altura50\">\r\n          <ul class=\"slides\">\r\n            <li class=\"bg-dark\">\r\n              <div class=\"slide-background\" data-background=\"https:\/\/www.bluemaster.es\/assets\/media\/Empresa-slide.jpg\"><\/div>\r\n              <div class=\"container\">\r\n                <div class=\"row\">\r\n                  <div class=\"col-md-12 text-end\">\r\n                    <h2 class=\"h1 wow fadeInUp\" data-wow-delay=\"0.2s\">\r\n                      <strong>A mais recente tecnologia produtiva<\/strong>\r\n                    <\/h2>\r\n                    <h2 class=\"h2 m-b-20 wow fadeInUp\" data-wow-delay=\"0.5s\">dispon\u00edvel para o fabrico mais eficiente<\/h2>\r\n                  <\/div>\r\n                <\/div>\r\n              <\/div>\r\n            <\/li>\r\n          <\/ul>\r\n        <\/section>\r\n<\/div>\r\n\r\n<section class=\"module\">\r\n          <div class=\"container\">\r\n            <div class=\"row\">\r\n              <div class=\"col-md-12\">\r\n                <h2>CELESA, S.A. \u2013 Especialistas em ferramentas de corte BLUEMASTER<\/h2>\r\n                <p>A CELESA, S.A. foi fundada em 1987 e desde ent\u00e3o tem-se dedicado \u00e0 produ\u00e7\u00e3o e distribui\u00e7\u00e3o de ferramentas de corte BLUEMASTER. Desde a sua cria\u00e7\u00e3o, a CELESA, S.A. tem apostado na inova\u00e7\u00e3o e no desenvolvimento de novas ferramentas que se adaptem \u00e0s necessidades dos profissionais mais exigentes.<\/p>\r\n                <h2>A melhor gama, qualidade e servi\u00e7o em ferramentas de corte<\/h2>\r\n                <p>A BLUEMASTER continua a sua trajet\u00f3ria oferecendo aquela que \u00e9, sem d\u00favida, a maior gama de ferramentas de corte e produtos relacionados do mercado. Atrav\u00e9s da melhoria cont\u00ednua, da inova\u00e7\u00e3o, da otimiza\u00e7\u00e3o e do controlo exaustivo dos nossos processos de produ\u00e7\u00e3o, garantimos a Alta Qualidade que optimiza o desempenho das nossas Ferramentas BLUEMASTER.<\/p>\r\n                <p>A BLUEMASTER oferece aos seus clientes os mais elevados n\u00edveis de servi\u00e7o do mercado, com uma efici\u00eancia de 99,99% nas linhas servidas diariamente, juntamente com um Servi\u00e7o de Transporte Expresso, que entrega as encomendas ao cliente de imediato, tornando a BLUEMASTER um investimento altamente rent\u00e1vel.<\/p>\r\n                <h2>Inova\u00e7\u00e3o e melhoria cont\u00ednua<\/h2>\r\n                <p>A implementa\u00e7\u00e3o de novos meios de produ\u00e7\u00e3o e tecnologias contribuem para a conce\u00e7\u00e3o de ferramentas com geometrias \u00f3ptimas para cada aplica\u00e7\u00e3o. Os 37 anos da BLUEMASTER como especialista l\u00edder no mercado de ferramentas de corte confirmam a nossa capacidade de apresentar inova\u00e7\u00f5es com uma agilidade inigual\u00e1vel.<\/p>\r\n                <h2>Especialistas em ferramentas de corte<\/h2>\r\n                <p>Para todos os profissionais que comp\u00f5em a CELESA S.A., as preocupa\u00e7\u00f5es e necessidades dos nossos clientes s\u00e3o uma prioridade di\u00e1ria. A nossa voca\u00e7\u00e3o de servi\u00e7o e a nossa ampla gama de produtos, com mais de 90.000 refer\u00eancias em stock, oferece aos nossos clientes a seguran\u00e7a de ter um companheiro de viagem que proporciona uma Solu\u00e7\u00e3o Integral de Ferramentas de Corte.<\/p>\r\n              <\/div>\r\n              <div class=\"col-md-12\">\r\n                <img alt=\"\" width=\"1200\" height=\"500\" class=\"alignnone size-full wp-image-67 lazyload\" data-src=\"https:\/\/www.bluemaster.es\/assets\/media\/oficina.jpg\" srcset=\"https:\/\/www.bluemaster.es\/assets\/media\/oficina.jpg 1200w, https:\/\/www.bluemaster.es\/assets\/media\/oficina-150x63.jpg 150w, https:\/\/www.bluemaster.es\/assets\/media\/oficina-300x125.jpg 300w, https:\/\/www.bluemaster.es\/assets\/media\/oficina-400x167.jpg 400w, https:\/\/www.bluemaster.es\/assets\/media\/oficina-480x200.jpg 480w, https:\/\/www.bluemaster.es\/assets\/media\/oficina-550x229.jpg 550w, https:\/\/www.bluemaster.es\/assets\/media\/oficina-768x320.jpg 768w, https:\/\/www.bluemaster.es\/assets\/media\/oficina-992x413.jpg 992w\" sizes=\"(max-width: 1200px) 100vw, 1200px\" \/>\r\n              <\/div>\r\n            <\/div>\r\n          <\/div>\r\n        <\/section>","protected":false},"excerpt":{"rendered":"<p>A mais recente tecnologia produtiva dispon\u00edvel para o fabrico mais eficiente CELESA, S.A. \u2013 Especialistas em ferramentas de corte BLUEMASTER A CELESA, S.A. foi fundada em 1987 e desde ent\u00e3o tem-se dedicado \u00e0 produ\u00e7\u00e3o e distribui\u00e7\u00e3o de ferramentas de corte BLUEMASTER. Desde a sua cria\u00e7\u00e3o, a CELESA, S.A. tem apostado na inova\u00e7\u00e3o e no desenvolvimento [&hellip;]<\/p>\n","protected":false},"author":1,"featured_media":841,"parent":0,"menu_order":0,"comment_status":"closed","ping_status":"closed","template":"templates\/page-no-hero.php","meta":{"_acf_changed":false,"footnotes":""},"class_list":["post-715","page","type-page","status-publish","has-post-thumbnail","hentry"],"acf":[],"yoast_head":"<!-- This site is optimized with the Yoast SEO plugin v27.1.1 - https:\/\/yoast.com\/product\/yoast-seo-wordpress\/ -->\n<title>A empresa - Blue Master<\/title>\n<meta name=\"robots\" content=\"index, follow, max-snippet:-1, max-image-preview:large, max-video-preview:-1\" \/>\n<link rel=\"canonical\" href=\"https:\/\/www.bluemaster.es\/empresa\/\" \/>\n<meta property=\"og:locale\" content=\"pt_PT\" \/>\n<meta property=\"og:type\" content=\"article\" \/>\n<meta property=\"og:title\" content=\"A empresa - Blue Master\" \/>\n<meta property=\"og:description\" content=\"A mais recente tecnologia produtiva dispon\u00edvel para o fabrico mais eficiente CELESA, S.A. \u2013 Especialistas em ferramentas de corte BLUEMASTER A CELESA, S.A. foi fundada em 1987 e desde ent\u00e3o tem-se dedicado \u00e0 produ\u00e7\u00e3o e distribui\u00e7\u00e3o de ferramentas de corte BLUEMASTER. Desde a sua cria\u00e7\u00e3o, a CELESA, S.A. tem apostado na inova\u00e7\u00e3o e no desenvolvimento [&hellip;]\" \/>\n<meta property=\"og:url\" content=\"https:\/\/www.bluemaster.es\/empresa\/\" \/>\n<meta property=\"og:site_name\" content=\"Blue Master\" \/>\n<meta property=\"article:modified_time\" content=\"2024-07-19T10:21:50+00:00\" \/>\n<meta property=\"og:image\" content=\"https:\/\/www.bluemaster.es\/assets\/media\/Empresa-slide.jpg\" \/>\n\t<meta property=\"og:image:width\" content=\"1920\" \/>\n\t<meta property=\"og:image:height\" content=\"649\" \/>\n\t<meta property=\"og:image:type\" content=\"image\/jpeg\" \/>\n<meta name=\"twitter:card\" content=\"summary_large_image\" \/>\n<meta name=\"twitter:label1\" content=\"Est. reading time\" \/>\n\t<meta name=\"twitter:data1\" content=\"2 minutes\" \/>\n<script type=\"application\/ld+json\" class=\"yoast-schema-graph\">{\"@context\":\"https:\/\/schema.org\",\"@graph\":[{\"@type\":\"WebPage\",\"@id\":\"https:\/\/www.bluemaster.es\/empresa\/\",\"url\":\"https:\/\/www.bluemaster.es\/empresa\/\",\"name\":\"A empresa - Blue Master\",\"isPartOf\":{\"@id\":\"https:\/\/www.bluemaster.es\/#website\"},\"primaryImageOfPage\":{\"@id\":\"https:\/\/www.bluemaster.es\/empresa\/#primaryimage\"},\"image\":{\"@id\":\"https:\/\/www.bluemaster.es\/empresa\/#primaryimage\"},\"thumbnailUrl\":\"https:\/\/www.bluemaster.es\/assets\/media\/Empresa-slide.jpg\",\"datePublished\":\"2024-06-10T13:37:39+00:00\",\"dateModified\":\"2024-07-19T10:21:50+00:00\",\"breadcrumb\":{\"@id\":\"https:\/\/www.bluemaster.es\/empresa\/#breadcrumb\"},\"inLanguage\":\"pt\",\"potentialAction\":[{\"@type\":\"ReadAction\",\"target\":[\"https:\/\/www.bluemaster.es\/empresa\/\"]}]},{\"@type\":\"ImageObject\",\"inLanguage\":\"pt\",\"@id\":\"https:\/\/www.bluemaster.es\/empresa\/#primaryimage\",\"url\":\"https:\/\/www.bluemaster.es\/assets\/media\/Empresa-slide.jpg\",\"contentUrl\":\"https:\/\/www.bluemaster.es\/assets\/media\/Empresa-slide.jpg\",\"width\":1920,\"height\":649,\"caption\":\"Especialistas en herramientas de corte\"},{\"@type\":\"BreadcrumbList\",\"@id\":\"https:\/\/www.bluemaster.es\/empresa\/#breadcrumb\",\"itemListElement\":[{\"@type\":\"ListItem\",\"position\":1,\"name\":\"Portada\",\"item\":\"https:\/\/www.bluemaster.es\/pt\/\"},{\"@type\":\"ListItem\",\"position\":2,\"name\":\"A empresa\"}]},{\"@type\":\"WebSite\",\"@id\":\"https:\/\/www.bluemaster.es\/#website\",\"url\":\"https:\/\/www.bluemaster.es\/\",\"name\":\"Blue Master\",\"description\":\"\",\"potentialAction\":[{\"@type\":\"SearchAction\",\"target\":{\"@type\":\"EntryPoint\",\"urlTemplate\":\"https:\/\/www.bluemaster.es\/?s={search_term_string}\"},\"query-input\":{\"@type\":\"PropertyValueSpecification\",\"valueRequired\":true,\"valueName\":\"search_term_string\"}}],\"inLanguage\":\"pt\"}]}<\/script>\n<!-- \/ Yoast SEO plugin. -->","yoast_head_json":{"title":"A empresa - Blue Master","robots":{"index":"index","follow":"follow","max-snippet":"max-snippet:-1","max-image-preview":"max-image-preview:large","max-video-preview":"max-video-preview:-1"},"canonical":"https:\/\/www.bluemaster.es\/empresa\/","og_locale":"pt_PT","og_type":"article","og_title":"A empresa - Blue Master","og_description":"A mais recente tecnologia produtiva dispon\u00edvel para o fabrico mais eficiente CELESA, S.A. \u2013 Especialistas em ferramentas de corte BLUEMASTER A CELESA, S.A. foi fundada em 1987 e desde ent\u00e3o tem-se dedicado \u00e0 produ\u00e7\u00e3o e distribui\u00e7\u00e3o de ferramentas de corte BLUEMASTER. Desde a sua cria\u00e7\u00e3o, a CELESA, S.A. tem apostado na inova\u00e7\u00e3o e no desenvolvimento [&hellip;]","og_url":"https:\/\/www.bluemaster.es\/empresa\/","og_site_name":"Blue Master","article_modified_time":"2024-07-19T10:21:50+00:00","og_image":[{"width":1920,"height":649,"url":"https:\/\/www.bluemaster.es\/assets\/media\/Empresa-slide.jpg","type":"image\/jpeg"}],"twitter_card":"summary_large_image","twitter_misc":{"Est. reading time":"2 minutes"},"schema":{"@context":"https:\/\/schema.org","@graph":[{"@type":"WebPage","@id":"https:\/\/www.bluemaster.es\/empresa\/","url":"https:\/\/www.bluemaster.es\/empresa\/","name":"A empresa - Blue Master","isPartOf":{"@id":"https:\/\/www.bluemaster.es\/#website"},"primaryImageOfPage":{"@id":"https:\/\/www.bluemaster.es\/empresa\/#primaryimage"},"image":{"@id":"https:\/\/www.bluemaster.es\/empresa\/#primaryimage"},"thumbnailUrl":"https:\/\/www.bluemaster.es\/assets\/media\/Empresa-slide.jpg","datePublished":"2024-06-10T13:37:39+00:00","dateModified":"2024-07-19T10:21:50+00:00","breadcrumb":{"@id":"https:\/\/www.bluemaster.es\/empresa\/#breadcrumb"},"inLanguage":"pt","potentialAction":[{"@type":"ReadAction","target":["https:\/\/www.bluemaster.es\/empresa\/"]}]},{"@type":"ImageObject","inLanguage":"pt","@id":"https:\/\/www.bluemaster.es\/empresa\/#primaryimage","url":"https:\/\/www.bluemaster.es\/assets\/media\/Empresa-slide.jpg","contentUrl":"https:\/\/www.bluemaster.es\/assets\/media\/Empresa-slide.jpg","width":1920,"height":649,"caption":"Especialistas en herramientas de corte"},{"@type":"BreadcrumbList","@id":"https:\/\/www.bluemaster.es\/empresa\/#breadcrumb","itemListElement":[{"@type":"ListItem","position":1,"name":"Portada","item":"https:\/\/www.bluemaster.es\/pt\/"},{"@type":"ListItem","position":2,"name":"A empresa"}]},{"@type":"WebSite","@id":"https:\/\/www.bluemaster.es\/#website","url":"https:\/\/www.bluemaster.es\/","name":"Blue Master","description":"","potentialAction":[{"@type":"SearchAction","target":{"@type":"EntryPoint","urlTemplate":"https:\/\/www.bluemaster.es\/?s={search_term_string}"},"query-input":{"@type":"PropertyValueSpecification","valueRequired":true,"valueName":"search_term_string"}}],"inLanguage":"pt"}]}},"_links":{"self":[{"href":"https:\/\/www.bluemaster.es\/pt\/wp-json\/wp\/v2\/pages\/715","targetHints":{"allow":["GET"]}}],"collection":[{"href":"https:\/\/www.bluemaster.es\/pt\/wp-json\/wp\/v2\/pages"}],"about":[{"href":"https:\/\/www.bluemaster.es\/pt\/wp-json\/wp\/v2\/types\/page"}],"author":[{"embeddable":true,"href":"https:\/\/www.bluemaster.es\/pt\/wp-json\/wp\/v2\/users\/1"}],"replies":[{"embeddable":true,"href":"https:\/\/www.bluemaster.es\/pt\/wp-json\/wp\/v2\/comments?post=715"}],"version-history":[{"count":3,"href":"https:\/\/www.bluemaster.es\/pt\/wp-json\/wp\/v2\/pages\/715\/revisions"}],"predecessor-version":[{"id":1158,"href":"https:\/\/www.bluemaster.es\/pt\/wp-json\/wp\/v2\/pages\/715\/revisions\/1158"}],"wp:featuredmedia":[{"embeddable":true,"href":"https:\/\/www.bluemaster.es\/pt\/wp-json\/wp\/v2\/media\/841"}],"wp:attachment":[{"href":"https:\/\/www.bluemaster.es\/pt\/wp-json\/wp\/v2\/media?parent=715"}],"curies":[{"name":"wp","href":"https:\/\/api.w.org\/{rel}","templated":true}]}}