 {"id":679,"date":"2024-06-10T10:34:07","date_gmt":"2024-06-10T08:34:07","guid":{"rendered":"https:\/\/www.bluemaster.es\/legal-warning\/"},"modified":"2024-06-12T11:12:11","modified_gmt":"2024-06-12T09:12:11","slug":"aviso-legal","status":"publish","type":"page","link":"https:\/\/www.bluemaster.es\/pt\/aviso-legal\/","title":{"rendered":"Aviso legal"},"content":{"rendered":"<section class=\"module\"><div class=\"container\"><div class=\"timeline__block\">\n\t<article class=\"timeline\">\n\n\t\t<aside class=\"timeline__col-nav\">\n\t\t\t<nav class=\"timeline__nav\">\n\t\t        <ul>\n\t\t        \t\t\t        \t\t<li><span>Aviso Legal <\/span><\/li>\n\t\t        \t\t\t        \t\t<li><span>Condiciones<\/span><\/li>\n\t\t        \t\t\t        \t\t<li><span>Servicios<\/span><\/li>\n\t\t        \t\t\t        \t\t<li><span>Responsabilidad <\/span><\/li>\n\t\t        \t\t\t        \t\t<li><span>Propiedad<\/span><\/li>\n\t\t        \t\t\t        \t\t<li><span>Navegaci\u00f3n<\/span><\/li>\n\t\t        \t\t\t        \t\t<li><span>Privacidad<\/span><\/li>\n\t\t        \t\t\t        \t\t<li><span>Resoluci\u00f3n<\/span><\/li>\n\t\t        \t\t\t        \t\t<li><span>Contacto <\/span><\/li>\n\t\t        \t            \n\t\t        <\/ul>\n\t\t    <\/nav>\n\t\t<\/aside><!-- \/timeline__col-nav -->\n\n\t    <main class=\"timeline__col-main\">\n\t\t    <section class=\"timeline__section\">\t\t        \n\t        \t\t        \t\t<article class=\"timeline__item\">\n\t        \t\t\t<div class=\"milestone\"><\/div>\n\t        \t\t\t\t        \t\t\t\t<header class=\"timeline__header\">Aviso Legal <\/header>\n\t        \t\t\t\t        \t\t\t<div class=\"timeline__wysiwyg\">\n\t        \t\t\t\t<p>Entidad titular de la web: CELESA, S.A. (en adelante EL TITULAR), con domicilio Social en C\/Matxingoia, N\u00ba2 48220 Abadiano (Vizcaya) Espa\u00f1a.<br>\nDatos registrales de la sociedad: Inscrita en el Registro Mercantil de Vizcaya, Tomo 1.940, Libro 1.426, Secci\u00f3n 3\u00aa, Folio 78, Hoja 13.090, Inscripci\u00f3n 1\u00aa con C.I.F. A-48230650  <\/p>\n\t        \t\t\t<\/div>\n\t        \t\t<\/article>\n\t        \t\t        \t\t<article class=\"timeline__item\">\n\t        \t\t\t<div class=\"milestone\"><\/div>\n\t        \t\t\t\t        \t\t\t\t<header class=\"timeline__header\">Condiciones de uso  <\/header>\n\t        \t\t\t\t        \t\t\t<div class=\"timeline__wysiwyg\">\n\t        \t\t\t\t<p>El usuario se compromete a utilizar la web y sus servicios de conformidad con la ley y el presente Aviso Legal. El acceso a cualquier direcci\u00f3n de esta web implica el conocimiento y la aceptaci\u00f3n de estas condiciones.  <\/p>\n\t        \t\t\t<\/div>\n\t        \t\t<\/article>\n\t        \t\t        \t\t<article class=\"timeline__item\">\n\t        \t\t\t<div class=\"milestone\"><\/div>\n\t        \t\t\t\t        \t\t\t\t<header class=\"timeline__header\">Servicios y contenido<\/header>\n\t        \t\t\t\t        \t\t\t<div class=\"timeline__wysiwyg\">\n\t        \t\t\t\t<p>La informaci\u00f3n contenida en estas p\u00e1ginas web es la vigente en la fecha de su \u00faltima actualizaci\u00f3n, pudiendo no estar actualizada en la fecha de la consulta por el usuario, teniendo la misma, un car\u00e1cter meramente informativo. <\/p>\n<p>EL TITULAR se reserva el derecho a actualizar y modificar la informaci\u00f3n contenida en estas p\u00e1ginas web en cualquier momento y de limitar o impedir su acceso de manera temporal o definitiva cuando as\u00ed lo estime oportuno. <\/p>\n<p>EL TITULAR podr\u00e1 retirar o suspender sin necesidad de previo aviso y en cualquier momento la prestaci\u00f3n de los Servicios a aquellos usuarios que incumplan lo establecido en el presente Aviso Legal. <\/p>\n<p>Los enlaces a p\u00e1ginas de terceros en las p\u00e1ginas de EL TITULAR tienen finalidad meramente informativa y en ning\u00fan caso supone sugerencia, invitaci\u00f3n o recomendaci\u00f3n sobre los mismos. <\/p>\n\t        \t\t\t<\/div>\n\t        \t\t<\/article>\n\t        \t\t        \t\t<article class=\"timeline__item\">\n\t        \t\t\t<div class=\"milestone\"><\/div>\n\t        \t\t\t\t        \t\t\t\t<header class=\"timeline__header\">Responsabilidad <\/header>\n\t        \t\t\t\t        \t\t\t<div class=\"timeline__wysiwyg\">\n\t        \t\t\t\t<p>EL TITULAR no se hace responsable de los posibles errores ocasionados como consecuencia del uso incorrecto de los sistemas de informaci\u00f3n por parte del usuario. <\/p>\n<p>El Aviso Legal es \u00fanicamente aplicable a informaci\u00f3n recabada directamente en las p\u00e1ginas web de EL TITULAR. La entidad rechaza cualquier responsabilidad que pudiera derivarse sobre la informaci\u00f3n o descargas accesibles desde p\u00e1ginas web de terceras personas, f\u00edsicas o jur\u00eddicas, conectadas mediante enlaces con las p\u00e1ginas web de EL TITULAR. <\/p>\n<p>EL TITULAR declina toda responsabilidad que se derive del intercambio de informaci\u00f3n entre usuarios a trav\u00e9s de sus p\u00e1ginas web. La responsabilidad de las manifestaciones difundidas en sus p\u00e1ginas web corresponde a quienes las realizan. <\/p>\n<p>Los menores de edad  deben obtener previamente permiso de sus padres, tutores o representantes legales, quienes ser\u00e1n considerados responsables de los actos realizados, para el acceso a los servicios disponibles en esta web.  <\/p>\n\t        \t\t\t<\/div>\n\t        \t\t<\/article>\n\t        \t\t        \t\t<article class=\"timeline__item\">\n\t        \t\t\t<div class=\"milestone\"><\/div>\n\t        \t\t\t\t        \t\t\t\t<header class=\"timeline__header\">Propiedad Intelectual<\/header>\n\t        \t\t\t\t        \t\t\t<div class=\"timeline__wysiwyg\">\n\t        \t\t\t\t<p>El contenido de las p\u00e1ginas web (incluyendo sin l\u00edmites, las im\u00e1genes, textos, marcas, nombres comerciales, logotipos y dem\u00e1s contenidos audiovisuales), es salvo indicaci\u00f3n en contrario, propiedad intelectual de EL TITULAR o de terceros. <\/p>\n<p>Se proh\u00edbe la copia, duplicaci\u00f3n, redistribuci\u00f3n, comercializaci\u00f3n o cualquier otra actividad que se pueda realizar con los contenidos de estas p\u00e1ginas web ni a\u00fan citando las fuentes, salvo consentimiento expreso y por escrito de EL TITULAR.  <\/p>\n\t        \t\t\t<\/div>\n\t        \t\t<\/article>\n\t        \t\t        \t\t<article class=\"timeline__item\">\n\t        \t\t\t<div class=\"milestone\"><\/div>\n\t        \t\t\t\t        \t\t\t\t<header class=\"timeline__header\">Navegaci\u00f3n y Seguridad <\/header>\n\t        \t\t\t\t        \t\t\t<div class=\"timeline__wysiwyg\">\n\t        \t\t\t\t<p>Con el prop\u00f3sito de agilizar y personalizar la navegaci\u00f3n del usuario la presente web puede hacer uso de cookies. <\/p>\n<p>Adicionalmente estas cookies permiten a EL TITULAR la realizaci\u00f3n de estad\u00edsticas an\u00f3nimas de uso. Estos ficheros no almacenan ning\u00fan dato de car\u00e1cter personal y puede desactivarse en cualquier momento en las opciones del navegador.  <\/p>\n\t        \t\t\t<\/div>\n\t        \t\t<\/article>\n\t        \t\t        \t\t<article class=\"timeline__item\">\n\t        \t\t\t<div class=\"milestone\"><\/div>\n\t        \t\t\t\t        \t\t\t\t<header class=\"timeline__header\">Pol\u00edtica de Privacidad y Tratamiento de Datos personales<\/header>\n\t        \t\t\t\t        \t\t\t<div class=\"timeline__wysiwyg\">\n\t        \t\t\t\t<p>EL TITULAR es consciente de la absoluta importancia de preservar su privacidad. <\/p>\n<p>Los \u00fanicos datos a los que EL TITULAR tendr\u00e1 acceso ser\u00e1n aquellos que nos facilite de forma voluntaria a trav\u00e9s de los formularios y direcciones de contacto de la presente web. Estos datos deber\u00e1n ser veraces asumiendo la obligaci\u00f3n de comunicar cualquier modificaci\u00f3n que pudiera darse sobre los mismos. En caso de que no quiera facilitarnos los datos que se especifiquen como necesarios, no ser\u00e1 posible atender correctamente su solicitud. <\/p>\n<p>Los datos personales facilitados ser\u00e1n incorporados, para su tratamiento, en ficheros cuya responsabilidad y titularidad corresponde a EL TITULAR y las empresas del grupo dentro del sector de la herramienta.<\/p>\n<p>Los datos ser\u00e1n recabados, almacenados y transmitidos de manera segura en cumplimiento de las medidas t\u00e9cnicas y organizativas exigidas por la Ley Org\u00e1nica 15\/999 de Protecci\u00f3n de Datos de Car\u00e1cter Personal (LOPD) y establecidas en el Reglamento de Desarrollo de la LOPD aprobado en el Real Decreto 1720\/2007 en consonancia con la Directiva 95\/46\/CE del parlamento europeo y del consejo relativa a la protecci\u00f3n de las personas f\u00edsicas en lo que respecta al tratamiento de datos personales y a la libre circulaci\u00f3n de estos datos. <\/p>\n<p>Los datos recogidos dentro de los diferentes formularios dispuestos en nuestras p\u00e1ginas web se utilizaran con las siguientes finalidades: <\/p>\n<ol>\n<li>CONT\u00c1CTENOS: Atender y gestionar las consultas, inquietudes y\/o necesidades planteadas por este medio referentes a los productos servicios o productos de las empresas del grupo. <\/li>\n<li>OFERTA LABORAL: Gestionar las candidaturas de los procesos de selecci\u00f3n de personal que se convoquen en cada una de las empresas del grupo empresarial. <\/li>\n<li>SERVICIO AL CLIENTE: Atender y gestionar cualquier tipo de consulta realizada por los clientes o potenciales clientes a trav\u00e9s de este medio. <\/li>\n<li>HABLA CON NOSOTROS: Atender y gestionar las consultas o sugerencias planteadas por este medio. <\/li>\n<li>INSCR\u00cdBETE\/NEWSLETTER. Gestionar el env\u00edo de un bolet\u00edn informativo de novedades, ofertas o cualquier otra informaci\u00f3n relativa a los productos, servicios o eventos relativos a las actividades de la empresa. <\/li>\n<li>PROGRAMA DE COLABORADORES: Gestionar la participaci\u00f3n en el programa de ayuda a la creaci\u00f3n de nuevos productos y servicios. <\/li>\n<li>PRODUCTO DESTACADO: Atender y gestionar las consultas de la gama de productos de la empresa. <\/li>\n<li>CONSULTORIO T\u00c9CNICO: Atender, gestionar y solucionar cualquier problema relacionado con la herramienta. <\/li>\n<li>REDES SOCIALES: Informar sobre temas referentes al sector y las empresas del grupo, e interactuar (mediante v\u00eddeos, fotos, comentarios, sorteos) con los usuarios de las redes sociales. <\/li>\n<\/ol>\n<p>Adicionalmente, mediante la aceptaci\u00f3n de la presente pol\u00edtica de privacidad consiente expresamente que los datos aportados sean utilizados y cedidos a empresas del grupo para el seguimiento de las peticiones realizadas, as\u00ed como para el env\u00edo, por cualquier medio, incluida la v\u00eda electr\u00f3nica o medios an\u00e1logos, de publicidad o informaci\u00f3n comercial acerca de los productos, servicios de estas empresas. Las mismas podr\u00e1n ser consultadas en todo momento en esta p\u00e1gina web. <\/p>\n<p>Asimismo se le informa y Ud. consiente expresamente a que los datos proporcionados a trav\u00e9s de la p\u00e1gina web, sean transferidos y tratados a efectos meramente t\u00e9cnicos y operativos en servidores de terceras empresas situados en paises extranjeros, garantiz\u00e1ndose en todo caso la confidencialidad y privacidad de los mismos. <\/p>\n<p>EL TITULAR facilita en todo momento el ejercicio de los derechos de acceso, rectificaci\u00f3n, cancelaci\u00f3n y oposici\u00f3n por medio de medios f\u00e1ciles y sencillos. \u00c9stos podr\u00e1n ser ejercicios en todo caso mediante el env\u00edo de correo postal o electr\u00f3nico a las siguientes direcciones: <a href=\"mailto:celesa@bluemaster.e\">celesa@bluemaster.es<\/a> o a C\/Matxingoia, N\u00ba2 48220 Abadiano (Vizcaya) Espa\u00f1a , adjuntando en todo caso copia de su Documento Nacional de Identidad o documento equivalente. <\/p>\n\t        \t\t\t<\/div>\n\t        \t\t<\/article>\n\t        \t\t        \t\t<article class=\"timeline__item\">\n\t        \t\t\t<div class=\"milestone\"><\/div>\n\t        \t\t\t\t        \t\t\t\t<header class=\"timeline__header\">Resoluci\u00f3n de conflictos y legislaci\u00f3n aplicable<\/header>\n\t        \t\t\t\t        \t\t\t<div class=\"timeline__wysiwyg\">\n\t        \t\t\t\t<p>Los usuarios de las p\u00e1ginas web est\u00e1n obligados a utilizarlas con respeto a las leyes y a los usos del tr\u00e1fico, respondiendo frente a EL TITULAR o frente a terceros, de cualesquiera da\u00f1os y perjuicios que puedan ocasionarse como consecuencia del incumplimiento de la citada obligaci\u00f3n. <\/p>\n<p>El presente Aviso Legal se rige en todos y cada uno de sus extremos por la ley espa\u00f1ola.  <\/p>\n\t        \t\t\t<\/div>\n\t        \t\t<\/article>\n\t        \t\t        \t\t<article class=\"timeline__item\">\n\t        \t\t\t<div class=\"milestone\"><\/div>\n\t        \t\t\t\t        \t\t\t\t<header class=\"timeline__header\">Contacto <\/header>\n\t        \t\t\t\t        \t\t\t<div class=\"timeline__wysiwyg\">\n\t        \t\t\t\t<p>Para cualquier consulta, sugerencia, queja o reclamaci\u00f3n existen formularios de contacto en el \u00e1rea de Atenci\u00f3n al Cliente de la web.  <\/p>\n\t        \t\t\t<\/div>\n\t        \t\t<\/article>\n\t        \t    \t\t        \n\t\t    <\/section>\n\t\t<\/main><!-- \/timeline__col-main -->    \n\n\t<\/article>\n<\/div><!--\/timeline__block -->\n<\/div><\/section>","protected":false},"excerpt":{"rendered":"","protected":false},"author":1,"featured_media":0,"parent":0,"menu_order":0,"comment_status":"closed","ping_status":"open","template":"templates\/page-no-hero.php","meta":{"_acf_changed":false,"footnotes":""},"class_list":["post-679","page","type-page","status-publish","hentry"],"acf":[],"yoast_head":"<!-- This site is optimized with the Yoast SEO plugin v27.1.1 - https:\/\/yoast.com\/product\/yoast-seo-wordpress\/ -->\n<title>Aviso legal - Blue Master<\/title>\n<meta name=\"robots\" content=\"index, follow, max-snippet:-1, max-image-preview:large, max-video-preview:-1\" \/>\n<link rel=\"canonical\" href=\"https:\/\/www.bluemaster.es\/aviso-legal\/\" \/>\n<meta property=\"og:locale\" content=\"pt_PT\" \/>\n<meta property=\"og:type\" content=\"article\" \/>\n<meta property=\"og:title\" content=\"Aviso legal - Blue Master\" \/>\n<meta property=\"og:url\" content=\"https:\/\/www.bluemaster.es\/aviso-legal\/\" \/>\n<meta property=\"og:site_name\" content=\"Blue Master\" \/>\n<meta property=\"article:modified_time\" content=\"2024-06-12T09:12:11+00:00\" \/>\n<meta name=\"twitter:card\" content=\"summary_large_image\" \/>\n<meta name=\"twitter:label1\" content=\"Est. reading time\" \/>\n\t<meta name=\"twitter:data1\" content=\"1 minute\" \/>\n<script type=\"application\/ld+json\" class=\"yoast-schema-graph\">{\"@context\":\"https:\/\/schema.org\",\"@graph\":[{\"@type\":\"WebPage\",\"@id\":\"https:\/\/www.bluemaster.es\/aviso-legal\/\",\"url\":\"https:\/\/www.bluemaster.es\/aviso-legal\/\",\"name\":\"Aviso legal - Blue Master\",\"isPartOf\":{\"@id\":\"https:\/\/www.bluemaster.es\/#website\"},\"datePublished\":\"2024-06-10T08:34:07+00:00\",\"dateModified\":\"2024-06-12T09:12:11+00:00\",\"breadcrumb\":{\"@id\":\"https:\/\/www.bluemaster.es\/aviso-legal\/#breadcrumb\"},\"inLanguage\":\"pt\",\"potentialAction\":[{\"@type\":\"ReadAction\",\"target\":[\"https:\/\/www.bluemaster.es\/aviso-legal\/\"]}]},{\"@type\":\"BreadcrumbList\",\"@id\":\"https:\/\/www.bluemaster.es\/aviso-legal\/#breadcrumb\",\"itemListElement\":[{\"@type\":\"ListItem\",\"position\":1,\"name\":\"Portada\",\"item\":\"https:\/\/www.bluemaster.es\/pt\/\"},{\"@type\":\"ListItem\",\"position\":2,\"name\":\"Aviso legal\"}]},{\"@type\":\"WebSite\",\"@id\":\"https:\/\/www.bluemaster.es\/#website\",\"url\":\"https:\/\/www.bluemaster.es\/\",\"name\":\"Blue Master\",\"description\":\"\",\"potentialAction\":[{\"@type\":\"SearchAction\",\"target\":{\"@type\":\"EntryPoint\",\"urlTemplate\":\"https:\/\/www.bluemaster.es\/?s={search_term_string}\"},\"query-input\":{\"@type\":\"PropertyValueSpecification\",\"valueRequired\":true,\"valueName\":\"search_term_string\"}}],\"inLanguage\":\"pt\"}]}<\/script>\n<!-- \/ Yoast SEO plugin. -->","yoast_head_json":{"title":"Aviso legal - Blue Master","robots":{"index":"index","follow":"follow","max-snippet":"max-snippet:-1","max-image-preview":"max-image-preview:large","max-video-preview":"max-video-preview:-1"},"canonical":"https:\/\/www.bluemaster.es\/aviso-legal\/","og_locale":"pt_PT","og_type":"article","og_title":"Aviso legal - Blue Master","og_url":"https:\/\/www.bluemaster.es\/aviso-legal\/","og_site_name":"Blue Master","article_modified_time":"2024-06-12T09:12:11+00:00","twitter_card":"summary_large_image","twitter_misc":{"Est. reading time":"1 minute"},"schema":{"@context":"https:\/\/schema.org","@graph":[{"@type":"WebPage","@id":"https:\/\/www.bluemaster.es\/aviso-legal\/","url":"https:\/\/www.bluemaster.es\/aviso-legal\/","name":"Aviso legal - Blue Master","isPartOf":{"@id":"https:\/\/www.bluemaster.es\/#website"},"datePublished":"2024-06-10T08:34:07+00:00","dateModified":"2024-06-12T09:12:11+00:00","breadcrumb":{"@id":"https:\/\/www.bluemaster.es\/aviso-legal\/#breadcrumb"},"inLanguage":"pt","potentialAction":[{"@type":"ReadAction","target":["https:\/\/www.bluemaster.es\/aviso-legal\/"]}]},{"@type":"BreadcrumbList","@id":"https:\/\/www.bluemaster.es\/aviso-legal\/#breadcrumb","itemListElement":[{"@type":"ListItem","position":1,"name":"Portada","item":"https:\/\/www.bluemaster.es\/pt\/"},{"@type":"ListItem","position":2,"name":"Aviso legal"}]},{"@type":"WebSite","@id":"https:\/\/www.bluemaster.es\/#website","url":"https:\/\/www.bluemaster.es\/","name":"Blue Master","description":"","potentialAction":[{"@type":"SearchAction","target":{"@type":"EntryPoint","urlTemplate":"https:\/\/www.bluemaster.es\/?s={search_term_string}"},"query-input":{"@type":"PropertyValueSpecification","valueRequired":true,"valueName":"search_term_string"}}],"inLanguage":"pt"}]}},"_links":{"self":[{"href":"https:\/\/www.bluemaster.es\/pt\/wp-json\/wp\/v2\/pages\/679","targetHints":{"allow":["GET"]}}],"collection":[{"href":"https:\/\/www.bluemaster.es\/pt\/wp-json\/wp\/v2\/pages"}],"about":[{"href":"https:\/\/www.bluemaster.es\/pt\/wp-json\/wp\/v2\/types\/page"}],"author":[{"embeddable":true,"href":"https:\/\/www.bluemaster.es\/pt\/wp-json\/wp\/v2\/users\/1"}],"replies":[{"embeddable":true,"href":"https:\/\/www.bluemaster.es\/pt\/wp-json\/wp\/v2\/comments?post=679"}],"version-history":[{"count":1,"href":"https:\/\/www.bluemaster.es\/pt\/wp-json\/wp\/v2\/pages\/679\/revisions"}],"predecessor-version":[{"id":769,"href":"https:\/\/www.bluemaster.es\/pt\/wp-json\/wp\/v2\/pages\/679\/revisions\/769"}],"wp:attachment":[{"href":"https:\/\/www.bluemaster.es\/pt\/wp-json\/wp\/v2\/media?parent=679"}],"curies":[{"name":"wp","href":"https:\/\/api.w.org\/{rel}","templated":true}]}}