 {"id":1226,"date":"2024-06-26T16:00:23","date_gmt":"2024-06-26T14:00:23","guid":{"rendered":"https:\/\/www.bluemaster.es\/discos-de-corte\/"},"modified":"2024-07-19T13:49:35","modified_gmt":"2024-07-19T11:49:35","slug":"discos-de-corte","status":"publish","type":"page","link":"https:\/\/www.bluemaster.es\/pt\/discos-de-corte\/","title":{"rendered":"Discos de corte"},"content":{"rendered":"<section class=\"flexslider altura50 under-header\">\r\n\t\t\t\t\t<ul class=\"slides\">\r\n\t\t\t\t\t\t<li class=\"bg-dark\">\r\n\t\t\t\t\t\t\t<div class=\"slide-background\" data-background=\"https:\/\/www.bluemaster.es\/assets\/media\/slide03.jpg\"><\/div>\r\n\t\t\t\t\t\t\t<div class=\"container\">\r\n\t\t\t\t\t\t\t\t<div class=\"row\">\r\n\t\t\t\t\t\t\t\t\t<div class=\"col-md-12 text-end\">\r\n\t\t\t\t\t\t\t\t\t\t<h2 class=\"h1 wow fadeInUp\" data-wow-delay=\"0.2s\"><strong>Discos de corte<\/strong><\/h2>\r\n\t\t\t\t\t\t\t\t\t<h2 class=\"h2 m-b-20 wow fadeInUp\" data-wow-delay=\"0.5s\">Abrasivos, a\u00e7o r\u00e1pido, carboneto, diamante<\/h2>\r\n\t\t\t\t\t\t\t\t\t<\/div>\r\n\t\t\t\t\t\t\t\t<\/div>\r\n\t\t\t\t\t\t\t<\/div>\r\n\t\t\t\t\t\t<\/li>\r\n\t\t\t\t\t\t\r\n\t\t\t\t\t\t\r\n\t\t\t\t\t<\/ul>\r\n\t\t\t\t<\/section>\r\n\r\n <section class=\"module\">\r\n                               \r\n\t\t\t\t\t<div class=\"container p-0\">\r\n\t\t\t\t\t\t\r\n\t\t\t\t\t\t<div class=\"row\">\r\n\r\n\r\n                        \r\n                     <div class=\"col-md-12\">\r\n\t\t\t\t\t\t \r\n \r\n\t\t\t\t\t   <h2>Discos de corte para metal<\/h2>\r\n\r\n<img alt=\"Discos de corte para metal\" width=\"1300\" height=\"416\" class=\"alignnone size-full wp-image-1067 lazyload\" data-src=\"https:\/\/www.bluemaster.es\/assets\/media\/DiscosCorteMetal.jpg\" srcset=\"https:\/\/www.bluemaster.es\/assets\/media\/DiscosCorteMetal.jpg 1300w, https:\/\/www.bluemaster.es\/assets\/media\/DiscosCorteMetal-150x48.jpg 150w, https:\/\/www.bluemaster.es\/assets\/media\/DiscosCorteMetal-300x96.jpg 300w, https:\/\/www.bluemaster.es\/assets\/media\/DiscosCorteMetal-400x128.jpg 400w, https:\/\/www.bluemaster.es\/assets\/media\/DiscosCorteMetal-480x154.jpg 480w, https:\/\/www.bluemaster.es\/assets\/media\/DiscosCorteMetal-550x176.jpg 550w, https:\/\/www.bluemaster.es\/assets\/media\/DiscosCorteMetal-768x246.jpg 768w, https:\/\/www.bluemaster.es\/assets\/media\/DiscosCorteMetal-992x317.jpg 992w, https:\/\/www.bluemaster.es\/assets\/media\/DiscosCorteMetal-1200x384.jpg 1200w\" sizes=\"(max-width: 1300px) 100vw, 1300px\" \/>\r\n\r\n\t <\/div>\r\n\r\n <div class=\"col-md-12 p-t-50\">\r\n\t\t\t\t\t\t \r\n \r\n\t\t\t\t\t   <h2>Discos de corte para madeira<\/h2>\r\n\r\n<img alt=\"Discos de corte en madera\" width=\"1300\" height=\"416\" class=\"alignnone size-full wp-image-1072 lazyload\" data-src=\"https:\/\/www.bluemaster.es\/assets\/media\/DiscosCorteMadera.jpg\" srcset=\"https:\/\/www.bluemaster.es\/assets\/media\/DiscosCorteMadera.jpg 1300w, https:\/\/www.bluemaster.es\/assets\/media\/DiscosCorteMadera-150x48.jpg 150w, https:\/\/www.bluemaster.es\/assets\/media\/DiscosCorteMadera-300x96.jpg 300w, https:\/\/www.bluemaster.es\/assets\/media\/DiscosCorteMadera-400x128.jpg 400w, https:\/\/www.bluemaster.es\/assets\/media\/DiscosCorteMadera-480x154.jpg 480w, https:\/\/www.bluemaster.es\/assets\/media\/DiscosCorteMadera-550x176.jpg 550w, https:\/\/www.bluemaster.es\/assets\/media\/DiscosCorteMadera-768x246.jpg 768w, https:\/\/www.bluemaster.es\/assets\/media\/DiscosCorteMadera-992x317.jpg 992w, https:\/\/www.bluemaster.es\/assets\/media\/DiscosCorteMadera-1200x384.jpg 1200w\" sizes=\"(max-width: 1300px) 100vw, 1300px\" \/>\r\n\r\n\t <\/div>\r\n\r\n <div class=\"col-md-12 p-t-50\">\r\n\t\t\t\t\t\t \r\n \r\n\t\t\t\t\t   <h2>Discos de diamante para constru\u00e7\u00e3o<\/h2>\r\n<img alt=\"Discos de diamante para construcci\u00f3n\" width=\"1300\" height=\"416\" class=\"alignnone size-full wp-image-1111 lazyload\" data-src=\"https:\/\/www.bluemaster.es\/assets\/media\/DiscosDiamante.jpg\" srcset=\"https:\/\/www.bluemaster.es\/assets\/media\/DiscosDiamante.jpg 1300w, https:\/\/www.bluemaster.es\/assets\/media\/DiscosDiamante-150x48.jpg 150w, https:\/\/www.bluemaster.es\/assets\/media\/DiscosDiamante-300x96.jpg 300w, https:\/\/www.bluemaster.es\/assets\/media\/DiscosDiamante-400x128.jpg 400w, https:\/\/www.bluemaster.es\/assets\/media\/DiscosDiamante-480x154.jpg 480w, https:\/\/www.bluemaster.es\/assets\/media\/DiscosDiamante-550x176.jpg 550w, https:\/\/www.bluemaster.es\/assets\/media\/DiscosDiamante-768x246.jpg 768w, https:\/\/www.bluemaster.es\/assets\/media\/DiscosDiamante-992x317.jpg 992w, https:\/\/www.bluemaster.es\/assets\/media\/DiscosDiamante-1200x384.jpg 1200w\" sizes=\"(max-width: 1300px) 100vw, 1300px\" \/>\r\n\r\n\t <\/div>\r\n\t\t\t\t\t\t  \r\n <div class=\"col-md-12 p-t-50\">\r\n\t\t\t\t\t\t \r\n \r\n\t\t\t\t\t   <h2>Discos de corte multiusos<\/h2>\r\n\r\n<img alt=\"Discos de corte multiuso\" width=\"1300\" height=\"416\" class=\"alignnone size-full wp-image-1077 lazyload\" data-src=\"https:\/\/www.bluemaster.es\/assets\/media\/DiscosCorteMultiuso.jpg\" srcset=\"https:\/\/www.bluemaster.es\/assets\/media\/DiscosCorteMultiuso.jpg 1300w, https:\/\/www.bluemaster.es\/assets\/media\/DiscosCorteMultiuso-150x48.jpg 150w, https:\/\/www.bluemaster.es\/assets\/media\/DiscosCorteMultiuso-300x96.jpg 300w, https:\/\/www.bluemaster.es\/assets\/media\/DiscosCorteMultiuso-400x128.jpg 400w, https:\/\/www.bluemaster.es\/assets\/media\/DiscosCorteMultiuso-480x154.jpg 480w, https:\/\/www.bluemaster.es\/assets\/media\/DiscosCorteMultiuso-550x176.jpg 550w, https:\/\/www.bluemaster.es\/assets\/media\/DiscosCorteMultiuso-768x246.jpg 768w, https:\/\/www.bluemaster.es\/assets\/media\/DiscosCorteMultiuso-992x317.jpg 992w, https:\/\/www.bluemaster.es\/assets\/media\/DiscosCorteMultiuso-1200x384.jpg 1200w\" sizes=\"(max-width: 1300px) 100vw, 1300px\" \/>\r\n\r\n\t <\/div>\r\n\t\t\t\t\r\n                        \r\n                      \r\n                        \r\n                      <\/div>\r\n                        \r\n   \r\n\t\r\n\r\n\r\n\t\t\t\t\t<\/div>\r\n\t\t\t\t<\/section>\r\n","protected":false},"excerpt":{"rendered":"<p>Discos de corte Abrasivos, a\u00e7o r\u00e1pido, carboneto, diamante Discos de corte para metal Discos de corte para madeira Discos de diamante para constru\u00e7\u00e3o Discos de corte multiusos<\/p>\n","protected":false},"author":1,"featured_media":0,"parent":0,"menu_order":0,"comment_status":"closed","ping_status":"closed","template":"templates\/page-no-hero.php","meta":{"_acf_changed":false,"footnotes":""},"class_list":["post-1226","page","type-page","status-publish","hentry"],"acf":[],"yoast_head":"<!-- This site is optimized with the Yoast SEO plugin v27.1.1 - https:\/\/yoast.com\/product\/yoast-seo-wordpress\/ -->\n<title>Discos de corte - Blue Master<\/title>\n<meta name=\"robots\" content=\"index, follow, max-snippet:-1, max-image-preview:large, max-video-preview:-1\" \/>\n<link rel=\"canonical\" href=\"https:\/\/www.bluemaster.es\/discos-de-corte\/\" \/>\n<meta property=\"og:locale\" content=\"pt_PT\" \/>\n<meta property=\"og:type\" content=\"article\" \/>\n<meta property=\"og:title\" content=\"Discos de corte - Blue Master\" \/>\n<meta property=\"og:description\" content=\"Discos de corte Abrasivos, a\u00e7o r\u00e1pido, carboneto, diamante Discos de corte para metal Discos de corte para madeira Discos de diamante para constru\u00e7\u00e3o Discos de corte multiusos\" \/>\n<meta property=\"og:url\" content=\"https:\/\/www.bluemaster.es\/discos-de-corte\/\" \/>\n<meta property=\"og:site_name\" content=\"Blue Master\" \/>\n<meta property=\"article:modified_time\" content=\"2024-07-19T11:49:35+00:00\" \/>\n<meta property=\"og:image\" content=\"https:\/\/www.bluemaster.es\/assets\/media\/DiscosCorteMetal.jpg\" \/>\n<meta name=\"twitter:card\" content=\"summary_large_image\" \/>\n<meta name=\"twitter:label1\" content=\"Est. reading time\" \/>\n\t<meta name=\"twitter:data1\" content=\"1 minute\" \/>\n<script type=\"application\/ld+json\" class=\"yoast-schema-graph\">{\"@context\":\"https:\/\/schema.org\",\"@graph\":[{\"@type\":\"WebPage\",\"@id\":\"https:\/\/www.bluemaster.es\/discos-de-corte\/\",\"url\":\"https:\/\/www.bluemaster.es\/discos-de-corte\/\",\"name\":\"Discos de corte - Blue Master\",\"isPartOf\":{\"@id\":\"https:\/\/www.bluemaster.es\/#website\"},\"primaryImageOfPage\":{\"@id\":\"https:\/\/www.bluemaster.es\/discos-de-corte\/#primaryimage\"},\"image\":{\"@id\":\"https:\/\/www.bluemaster.es\/discos-de-corte\/#primaryimage\"},\"thumbnailUrl\":\"https:\/\/www.bluemaster.es\/assets\/media\/DiscosCorteMetal.jpg\",\"datePublished\":\"2024-06-26T14:00:23+00:00\",\"dateModified\":\"2024-07-19T11:49:35+00:00\",\"breadcrumb\":{\"@id\":\"https:\/\/www.bluemaster.es\/discos-de-corte\/#breadcrumb\"},\"inLanguage\":\"pt\",\"potentialAction\":[{\"@type\":\"ReadAction\",\"target\":[\"https:\/\/www.bluemaster.es\/discos-de-corte\/\"]}]},{\"@type\":\"ImageObject\",\"inLanguage\":\"pt\",\"@id\":\"https:\/\/www.bluemaster.es\/discos-de-corte\/#primaryimage\",\"url\":\"https:\/\/www.bluemaster.es\/assets\/media\/DiscosCorteMetal.jpg\",\"contentUrl\":\"https:\/\/www.bluemaster.es\/assets\/media\/DiscosCorteMetal.jpg\"},{\"@type\":\"BreadcrumbList\",\"@id\":\"https:\/\/www.bluemaster.es\/discos-de-corte\/#breadcrumb\",\"itemListElement\":[{\"@type\":\"ListItem\",\"position\":1,\"name\":\"Portada\",\"item\":\"https:\/\/www.bluemaster.es\/pt\/\"},{\"@type\":\"ListItem\",\"position\":2,\"name\":\"Discos de corte\"}]},{\"@type\":\"WebSite\",\"@id\":\"https:\/\/www.bluemaster.es\/#website\",\"url\":\"https:\/\/www.bluemaster.es\/\",\"name\":\"Blue Master\",\"description\":\"\",\"potentialAction\":[{\"@type\":\"SearchAction\",\"target\":{\"@type\":\"EntryPoint\",\"urlTemplate\":\"https:\/\/www.bluemaster.es\/?s={search_term_string}\"},\"query-input\":{\"@type\":\"PropertyValueSpecification\",\"valueRequired\":true,\"valueName\":\"search_term_string\"}}],\"inLanguage\":\"pt\"}]}<\/script>\n<!-- \/ Yoast SEO plugin. -->","yoast_head_json":{"title":"Discos de corte - Blue Master","robots":{"index":"index","follow":"follow","max-snippet":"max-snippet:-1","max-image-preview":"max-image-preview:large","max-video-preview":"max-video-preview:-1"},"canonical":"https:\/\/www.bluemaster.es\/discos-de-corte\/","og_locale":"pt_PT","og_type":"article","og_title":"Discos de corte - Blue Master","og_description":"Discos de corte Abrasivos, a\u00e7o r\u00e1pido, carboneto, diamante Discos de corte para metal Discos de corte para madeira Discos de diamante para constru\u00e7\u00e3o Discos de corte multiusos","og_url":"https:\/\/www.bluemaster.es\/discos-de-corte\/","og_site_name":"Blue Master","article_modified_time":"2024-07-19T11:49:35+00:00","og_image":[{"url":"https:\/\/www.bluemaster.es\/assets\/media\/DiscosCorteMetal.jpg","type":"","width":"","height":""}],"twitter_card":"summary_large_image","twitter_misc":{"Est. reading time":"1 minute"},"schema":{"@context":"https:\/\/schema.org","@graph":[{"@type":"WebPage","@id":"https:\/\/www.bluemaster.es\/discos-de-corte\/","url":"https:\/\/www.bluemaster.es\/discos-de-corte\/","name":"Discos de corte - Blue Master","isPartOf":{"@id":"https:\/\/www.bluemaster.es\/#website"},"primaryImageOfPage":{"@id":"https:\/\/www.bluemaster.es\/discos-de-corte\/#primaryimage"},"image":{"@id":"https:\/\/www.bluemaster.es\/discos-de-corte\/#primaryimage"},"thumbnailUrl":"https:\/\/www.bluemaster.es\/assets\/media\/DiscosCorteMetal.jpg","datePublished":"2024-06-26T14:00:23+00:00","dateModified":"2024-07-19T11:49:35+00:00","breadcrumb":{"@id":"https:\/\/www.bluemaster.es\/discos-de-corte\/#breadcrumb"},"inLanguage":"pt","potentialAction":[{"@type":"ReadAction","target":["https:\/\/www.bluemaster.es\/discos-de-corte\/"]}]},{"@type":"ImageObject","inLanguage":"pt","@id":"https:\/\/www.bluemaster.es\/discos-de-corte\/#primaryimage","url":"https:\/\/www.bluemaster.es\/assets\/media\/DiscosCorteMetal.jpg","contentUrl":"https:\/\/www.bluemaster.es\/assets\/media\/DiscosCorteMetal.jpg"},{"@type":"BreadcrumbList","@id":"https:\/\/www.bluemaster.es\/discos-de-corte\/#breadcrumb","itemListElement":[{"@type":"ListItem","position":1,"name":"Portada","item":"https:\/\/www.bluemaster.es\/pt\/"},{"@type":"ListItem","position":2,"name":"Discos de corte"}]},{"@type":"WebSite","@id":"https:\/\/www.bluemaster.es\/#website","url":"https:\/\/www.bluemaster.es\/","name":"Blue Master","description":"","potentialAction":[{"@type":"SearchAction","target":{"@type":"EntryPoint","urlTemplate":"https:\/\/www.bluemaster.es\/?s={search_term_string}"},"query-input":{"@type":"PropertyValueSpecification","valueRequired":true,"valueName":"search_term_string"}}],"inLanguage":"pt"}]}},"_links":{"self":[{"href":"https:\/\/www.bluemaster.es\/pt\/wp-json\/wp\/v2\/pages\/1226","targetHints":{"allow":["GET"]}}],"collection":[{"href":"https:\/\/www.bluemaster.es\/pt\/wp-json\/wp\/v2\/pages"}],"about":[{"href":"https:\/\/www.bluemaster.es\/pt\/wp-json\/wp\/v2\/types\/page"}],"author":[{"embeddable":true,"href":"https:\/\/www.bluemaster.es\/pt\/wp-json\/wp\/v2\/users\/1"}],"replies":[{"embeddable":true,"href":"https:\/\/www.bluemaster.es\/pt\/wp-json\/wp\/v2\/comments?post=1226"}],"version-history":[{"count":2,"href":"https:\/\/www.bluemaster.es\/pt\/wp-json\/wp\/v2\/pages\/1226\/revisions"}],"predecessor-version":[{"id":1231,"href":"https:\/\/www.bluemaster.es\/pt\/wp-json\/wp\/v2\/pages\/1226\/revisions\/1231"}],"wp:attachment":[{"href":"https:\/\/www.bluemaster.es\/pt\/wp-json\/wp\/v2\/media?parent=1226"}],"curies":[{"name":"wp","href":"https:\/\/api.w.org\/{rel}","templated":true}]}}