 {"id":1238,"date":"2024-06-27T17:09:52","date_gmt":"2024-06-27T15:09:52","guid":{"rendered":"https:\/\/www.bluemaster.es\/espacio-comercial-bluemaster\/"},"modified":"2024-07-19T13:57:57","modified_gmt":"2024-07-19T11:57:57","slug":"bluemaster-espace-commercial","status":"publish","type":"page","link":"https:\/\/www.bluemaster.es\/fr\/bluemaster-espace-commercial\/","title":{"rendered":"BLUEMASTER espace commercial"},"content":{"rendered":"<section class=\"flexslider altura50 under-header\">\r\n\t\t\t\t\t<ul class=\"slides\">\r\n\t\t\t\t\t\t<li class=\"bg-dark\">\r\n\t\t\t\t\t\t\t<div class=\"slide-background\" data-background=\"https:\/\/www.bluemaster.es\/assets\/media\/slide04.jpg\"><\/div>\r\n\t\t\t\t\t\t\t<div class=\"container\">\r\n\t\t\t\t\t\t\t\t<div class=\"row\">\r\n\t\t\t\t\t\t\t\t\t<div class=\"col-md-12 text-end\">\r\n\t\t\t\t\t\t\t\t\t\t<h2 class=\"h1 wow fadeInUp\" data-wow-delay=\"0.2s\"><strong>BLUEMASTER espace commercial<\/strong><\/h2>\r\n\t\t\t\t\t\t\t\t\t<h2 class=\"h2 m-b-20 wow fadeInUp\" data-wow-delay=\"0.5s\">Multiplier le rendement au maximum.<\/h2>\r\n\t\t\t\t\t\t\t\t\t<\/div>\r\n\t\t\t\t\t\t\t\t<\/div>\r\n\t\t\t\t\t\t\t<\/div>\r\n\t\t\t\t\t\t<\/li>\r\n\t\t\t\t\t\t\r\n\t\t\t\t\t\t\r\n\t\t\t\t\t<\/ul>\r\n\t\t\t\t<\/section>\r\n\r\n <section class=\"module\">\r\n                               \r\n\t\t\t\t\t<div class=\"container p-0\">\r\n\t\t\t\t\t\t\r\n\t\t\t\t\t\t<div class=\"row\">\r\n\r\n\r\n                        \r\n                     <div class=\"col-md-12\">\r\n\t\t\t\t\t\t \r\n \r\n\t\t\t\t\t   <h2>BLUEMASTER espace commercial<\/h2>\r\n\r\n\r\n<p>Multipliez les performances de votre espace commercial avec le sp\u00e9cialiste des outils de coupe.<br>\r\nRentabilit\u00e9 garantie pour votre espace commercial, ensemble nous garantissons votre succ\u00e8s.<br>\r\nTravaillez main dans la main avec le leader des outils de coupe. Sentez le soutien d\u2019un compagnon de route avec 40 ans d\u2019exp\u00e9rience dans le secteur industriel. <br>\r\nObtenez :<\/p>\r\n<ul>\r\n\t<li><strong>UNE DISPONIBILITE TOTALE<\/strong> avec plus de 90.000 r\u00e9f\u00e9rences en stock disponibles avec un service 24 heures.<\/li>\r\n<li><strong>HAUTE PROFITABILITE<\/strong> avec les marges les plus \u00e9lev\u00e9es sur chaque r\u00e9f\u00e9rence.<\/li>\r\n<li><strong>STOCK MINIMUM<\/strong> avec la plus grande rotation et la plus large gamme de produits \u00e0 votre disposition.<\/li><\/ul>\r\n\r\n\r\n\r\n\r\n<img alt=\"\" width=\"1300\" height=\"520\" class=\"alignnone size-full wp-image-1089 lazyload\" data-src=\"https:\/\/www.bluemaster.es\/assets\/media\/Espaciocomercial.jpg\" srcset=\"https:\/\/www.bluemaster.es\/assets\/media\/Espaciocomercial.jpg 1300w, https:\/\/www.bluemaster.es\/assets\/media\/Espaciocomercial-150x60.jpg 150w, https:\/\/www.bluemaster.es\/assets\/media\/Espaciocomercial-300x120.jpg 300w, https:\/\/www.bluemaster.es\/assets\/media\/Espaciocomercial-400x160.jpg 400w, https:\/\/www.bluemaster.es\/assets\/media\/Espaciocomercial-480x192.jpg 480w, https:\/\/www.bluemaster.es\/assets\/media\/Espaciocomercial-550x220.jpg 550w, https:\/\/www.bluemaster.es\/assets\/media\/Espaciocomercial-768x307.jpg 768w, https:\/\/www.bluemaster.es\/assets\/media\/Espaciocomercial-992x397.jpg 992w, https:\/\/www.bluemaster.es\/assets\/media\/Espaciocomercial-1200x480.jpg 1200w\" sizes=\"(max-width: 1300px) 100vw, 1300px\" \/>\r\n\r\n\r\n\r\n\t\t\t\t\t   <h2 class=\"p-t-50\">LIVRAISON ET SERVICE T\u00c9L\u00c9PHONIQUE PR\u00c9F\u00c9RENTIELS.<\/h2>\r\n\r\n\r\n<p>Profitez des facilit\u00e9s commerciales offertes par le N\u00ba1.<br>\r\n<strong>BLUEMASTER espace commercial<\/strong> = Garantie de qualit\u00e9, large gamme, derni\u00e8re technologie et imm\u00e9diatet\u00e9 du service.<\/p>\r\n\r\n\t <\/div>\r\n\r\n \r\n   \r\n\t\r\n\r\n\r\n\t\t\t\t\t<\/div>\r\n\t\t\t\t\r\n<\/div><\/section>","protected":false},"excerpt":{"rendered":"<p>BLUEMASTER espace commercial Multiplier le rendement au maximum. BLUEMASTER espace commercial Multipliez les performances de votre espace commercial avec le sp\u00e9cialiste des outils de coupe. Rentabilit\u00e9 garantie pour votre espace commercial, ensemble nous garantissons votre succ\u00e8s. Travaillez main dans la main avec le leader des outils de coupe. Sentez le soutien d\u2019un compagnon de route [&hellip;]<\/p>\n","protected":false},"author":1,"featured_media":0,"parent":0,"menu_order":0,"comment_status":"closed","ping_status":"closed","template":"templates\/page-no-hero.php","meta":{"_acf_changed":false,"footnotes":""},"class_list":["post-1238","page","type-page","status-publish","hentry"],"acf":[],"_links":{"self":[{"href":"https:\/\/www.bluemaster.es\/fr\/wp-json\/wp\/v2\/pages\/1238","targetHints":{"allow":["GET"]}}],"collection":[{"href":"https:\/\/www.bluemaster.es\/fr\/wp-json\/wp\/v2\/pages"}],"about":[{"href":"https:\/\/www.bluemaster.es\/fr\/wp-json\/wp\/v2\/types\/page"}],"author":[{"embeddable":true,"href":"https:\/\/www.bluemaster.es\/fr\/wp-json\/wp\/v2\/users\/1"}],"replies":[{"embeddable":true,"href":"https:\/\/www.bluemaster.es\/fr\/wp-json\/wp\/v2\/comments?post=1238"}],"version-history":[{"count":2,"href":"https:\/\/www.bluemaster.es\/fr\/wp-json\/wp\/v2\/pages\/1238\/revisions"}],"predecessor-version":[{"id":1240,"href":"https:\/\/www.bluemaster.es\/fr\/wp-json\/wp\/v2\/pages\/1238\/revisions\/1240"}],"wp:attachment":[{"href":"https:\/\/www.bluemaster.es\/fr\/wp-json\/wp\/v2\/media?parent=1238"}],"curies":[{"name":"wp","href":"https:\/\/api.w.org\/{rel}","templated":true}]}}